{"id":33,"date":"2023-07-14T08:25:16","date_gmt":"2023-07-14T06:25:16","guid":{"rendered":"http:\/\/joe-fillatreau.com\/?page_id=33"},"modified":"2023-07-14T08:48:27","modified_gmt":"2023-07-14T06:48:27","slug":"jose-joe-fillatreau","status":"publish","type":"page","link":"https:\/\/joe-fillatreau.com\/index.php\/jose-joe-fillatreau\/","title":{"rendered":"NEWS"},"content":{"rendered":"\n<p class=\"has-text-align-center\"><strong>LA M\u00c9THODE DE TOM-Volume 1<\/strong><\/p>\n\n\n\n<p class=\"has-text-align-center\"><strong>M\u00e9thode comp\u00e8te de Batterie-Editions Billaudot<\/strong><\/p>\n\n\n\n<p class=\"has-text-align-center\"><strong>Chine Youtube &#8211; Play-Alongs Vid\u00e9os<\/strong><\/p>\n\n\n\n<p class=\"has-text-align-center\"><a href=\"https:\/\/www.youtube.com\/channel\/UCHi-aIf7V1OEmbnNqfmj8ww\">https:\/\/www.youtube.com\/channel\/UCHi-aIf7V1OEmbnNqfmj8ww<\/a><\/p>\n\n\n\n<p><\/p>\n\n\n\n<figure class=\"wp-block-image aligncenter size-full is-resized\"><img loading=\"lazy\" decoding=\"async\" src=\"http:\/\/joe-fillatreau.com\/wp-content\/uploads\/2023\/07\/lmdt.jpeg\" alt=\"\" class=\"wp-image-9\" width=\"337\" height=\"456\"\/><\/figure>\n","protected":false},"excerpt":{"rendered":"<p>LA M\u00c9THODE DE TOM-Volume 1 M\u00e9thode comp\u00e8te de Batterie-Editions Billaudot Chine Youtube &#8211; Play-Alongs Vid\u00e9os https:\/\/www.youtube.com\/channel\/UCHi-aIf7V1OEmbnNqfmj8ww<\/p>\n","protected":false},"author":1,"featured_media":0,"parent":0,"menu_order":0,"comment_status":"closed","ping_status":"closed","template":"","meta":{"footnotes":""},"class_list":["post-33","page","type-page","status-publish","hentry"],"_links":{"self":[{"href":"https:\/\/joe-fillatreau.com\/index.php\/wp-json\/wp\/v2\/pages\/33","targetHints":{"allow":["GET"]}}],"collection":[{"href":"https:\/\/joe-fillatreau.com\/index.php\/wp-json\/wp\/v2\/pages"}],"about":[{"href":"https:\/\/joe-fillatreau.com\/index.php\/wp-json\/wp\/v2\/types\/page"}],"author":[{"embeddable":true,"href":"https:\/\/joe-fillatreau.com\/index.php\/wp-json\/wp\/v2\/users\/1"}],"replies":[{"embeddable":true,"href":"https:\/\/joe-fillatreau.com\/index.php\/wp-json\/wp\/v2\/comments?post=33"}],"version-history":[{"count":6,"href":"https:\/\/joe-fillatreau.com\/index.php\/wp-json\/wp\/v2\/pages\/33\/revisions"}],"predecessor-version":[{"id":44,"href":"https:\/\/joe-fillatreau.com\/index.php\/wp-json\/wp\/v2\/pages\/33\/revisions\/44"}],"wp:attachment":[{"href":"https:\/\/joe-fillatreau.com\/index.php\/wp-json\/wp\/v2\/media?parent=33"}],"curies":[{"name":"wp","href":"https:\/\/api.w.org\/{rel}","templated":true}]}}